{"id":10324,"date":"2026-04-21T15:36:07","date_gmt":"2026-04-21T15:36:07","guid":{"rendered":"https:\/\/cyclotourer.de\/?page_id=10324"},"modified":"2026-04-21T16:57:59","modified_gmt":"2026-04-21T16:57:59","slug":"philosopie-und-visionen","status":"publish","type":"page","link":"https:\/\/cyclotourer.de\/?page_id=10324","title":{"rendered":"Philosophie und Visionen"},"content":{"rendered":"\n<p><strong>Philosophie:<\/strong><\/p>\n\n\n<div class=\"wp-block-image\">\n<figure class=\"alignright size-full is-resized\"><img loading=\"lazy\" decoding=\"async\" width=\"1024\" height=\"1024\" src=\"https:\/\/cyclotourer.de\/wp-content\/uploads\/2025\/11\/image.png\" alt=\"\" class=\"wp-image-9778\" style=\"width:218px;height:auto\" srcset=\"https:\/\/cyclotourer.de\/wp-content\/uploads\/2025\/11\/image.png 1024w, https:\/\/cyclotourer.de\/wp-content\/uploads\/2025\/11\/image-300x300.png 300w, https:\/\/cyclotourer.de\/wp-content\/uploads\/2025\/11\/image-150x150.png 150w, https:\/\/cyclotourer.de\/wp-content\/uploads\/2025\/11\/image-768x768.png 768w\" sizes=\"auto, (max-width: 1024px) 100vw, 1024px\" \/><\/figure>\n<\/div>\n\n\n<p>In jedem Pedaltritt steckt eine Einladung: Grenzen verschieben, Wege er\u00f6ffnen, Verantwortung \u00fcbernehmen. Als Radsportler, Extremtouren-Enthusiast und Wanderer sehe ich das Fahrrad als Br\u00fccke zwischen Mensch und Umwelt \u2013 ein Medium, das Mut, Ausdauer und Gemeinschaft st\u00e4rkt. Das Kinder-Fahrradsicherheitstraining, Pedelec-Kompetenz und Radwege-Engagement verbinden Sicherheit, Freude und Nachhaltigkeit. Erfahrungen sollen T\u00fcren f\u00fcr andere \u00f6ffnen: Chancen schaffen, Danke sagen, Werte wie Respekt, Fairness, Umweltbewusstsein und Teamgeist leben. Wer mit mir unterwegs ist, baut Fitness auf und st\u00e4rkt Selbstvertrauen, Verantwortung und Freude am lebenslangen Lernen.<\/p>\n\n\n\n<p><strong>Meine Funktion als Radwegebeauftragter, Pedelec-Trainer beim MSC Horlofftal e.V. im ADAC und Trainer einer Fahrrad AG bei der Grundschule Laubach:<\/strong><\/p>\n\n\n\n<p>Wenn Leidenschaft f\u00fcrs Radfahren auf Verantwortung trifft\u2026.<\/p>\n\n\n\n<p>Als Radsportler, Extremtouren- und Wanderfreund biete ich Ans\u00e4tze, die Sicherheit, Freude und Nachhaltigkeit verbinden. Meine Erfahrungen aus internationalen Rennen, insbesondere dem Desert Dash in Namibia, helfen mir als Trainer, den Weg \u00fcber die eigenen Grenzen zu begleiten und zu vermitteln.<\/p>\n\n\n\n<p><strong>Was ich anbiete:<\/strong><\/p>\n\n\n\n<ul class=\"wp-block-list\">\n<li>Gef\u00fchrte Fahrrad- und Mountainbike-Touren sowie gef\u00fchrte Wanderungen<\/li>\n\n\n\n<li>Fahrradsicherheitstraining f\u00fcr Grundschulkinder \u2013 sicher ans Ziel, mit Lernfreude<\/li>\n\n\n\n<li>Pedelec-Training f\u00fcr Familien, Vereine, Firmen und Interessierte<\/li>\n\n\n\n<li>Beratung und Mitwirkung bei der Gestaltung sicherer, fahrradfreundlicher Radwege in und rund um Laubach<\/li>\n<\/ul>\n\n\n<div class=\"wp-block-image\">\n<figure class=\"alignleft size-full is-resized\"><img loading=\"lazy\" decoding=\"async\" width=\"960\" height=\"960\" src=\"https:\/\/cyclotourer.de\/wp-content\/uploads\/2023\/12\/cropped-IMG_8305.jpeg\" alt=\"\" class=\"wp-image-9768\" style=\"width:193px;height:auto\" srcset=\"https:\/\/cyclotourer.de\/wp-content\/uploads\/2023\/12\/cropped-IMG_8305.jpeg 960w, https:\/\/cyclotourer.de\/wp-content\/uploads\/2023\/12\/cropped-IMG_8305-300x300.jpeg 300w, https:\/\/cyclotourer.de\/wp-content\/uploads\/2023\/12\/cropped-IMG_8305-150x150.jpeg 150w, https:\/\/cyclotourer.de\/wp-content\/uploads\/2023\/12\/cropped-IMG_8305-768x768.jpeg 768w\" sizes=\"auto, (max-width: 960px) 100vw, 960px\" \/><\/figure>\n<\/div>\n\n\n<p><strong>Motivation:<\/strong><\/p>\n\n\n\n<p>Viele T\u00fcren standen mir offen, dank Unterst\u00fctzungen verschiedener Personen und manchen Zuf\u00e4lle im Leben. Diese Chancen m\u00f6chte ich nun weitergeben.  <\/p>\n\n\n\n<p>Mein Schwerpunkt liegt dabei Orientierung zu geben, Sicherheit zu vermitteln, Gemeinschaft zu st\u00e4rken und zu zeigen, wie Bewegung, Verantwortung und Teamgeist erf\u00fcllend sein k\u00f6nnen.<\/p>\n\n\n\n<p><\/p>\n\n\n\n<p><strong>Was dich erwartet:<\/strong><\/p>\n\n\n\n<ul class=\"wp-block-list\">\n<li>Eine professionelle und geduldige Anleitung, individuell abgestimmt auf Alter und K\u00f6nnen<\/li>\n\n\n\n<li>Unterst\u00fctzung bei Technik, Sicherheit und der passenden Ausr\u00fcstung<\/li>\n\n\n\n<li>Eine motivierende und positive Lernatmosph\u00e4re<\/li>\n\n\n\n<li>Ein offenes Ohr f\u00fcr deine W\u00fcnsche, Ideen und dein Feedback<\/li>\n<\/ul>\n\n\n\n<p><\/p>\n","protected":false},"excerpt":{"rendered":"<p>Philosophie: In jedem Pedaltritt steckt eine Einladung: Grenzen verschieben, Wege er\u00f6ffnen, Verantwortung \u00fcbernehmen. Als Radsportler, Extremtouren-Enthusiast und Wanderer sehe ich das Fahrrad als Br\u00fccke zwischen [&#8230;]<\/p>\n","protected":false},"author":2,"featured_media":9395,"parent":0,"menu_order":0,"comment_status":"closed","ping_status":"closed","template":"","meta":{"footnotes":""},"class_list":["post-10324","page","type-page","status-publish","has-post-thumbnail","hentry"],"_links":{"self":[{"href":"https:\/\/cyclotourer.de\/index.php?rest_route=\/wp\/v2\/pages\/10324","targetHints":{"allow":["GET"]}}],"collection":[{"href":"https:\/\/cyclotourer.de\/index.php?rest_route=\/wp\/v2\/pages"}],"about":[{"href":"https:\/\/cyclotourer.de\/index.php?rest_route=\/wp\/v2\/types\/page"}],"author":[{"embeddable":true,"href":"https:\/\/cyclotourer.de\/index.php?rest_route=\/wp\/v2\/users\/2"}],"replies":[{"embeddable":true,"href":"https:\/\/cyclotourer.de\/index.php?rest_route=%2Fwp%2Fv2%2Fcomments&post=10324"}],"version-history":[{"count":9,"href":"https:\/\/cyclotourer.de\/index.php?rest_route=\/wp\/v2\/pages\/10324\/revisions"}],"predecessor-version":[{"id":10340,"href":"https:\/\/cyclotourer.de\/index.php?rest_route=\/wp\/v2\/pages\/10324\/revisions\/10340"}],"wp:featuredmedia":[{"embeddable":true,"href":"https:\/\/cyclotourer.de\/index.php?rest_route=\/wp\/v2\/media\/9395"}],"wp:attachment":[{"href":"https:\/\/cyclotourer.de\/index.php?rest_route=%2Fwp%2Fv2%2Fmedia&parent=10324"}],"curies":[{"name":"wp","href":"https:\/\/api.w.org\/{rel}","templated":true}]}}